
{"id":865,"date":"2016-04-18T08:23:37","date_gmt":"2016-04-18T08:23:37","guid":{"rendered":"https:\/\/lakegardatransfers.co.uk\/airport-transfers-to-lake-garda\/"},"modified":"2026-01-26T15:45:30","modified_gmt":"2026-01-26T15:45:30","slug":"airport-transfers-to-lake-garda","status":"publish","type":"page","link":"https:\/\/lakegardatransfers.co.uk\/it\/","title":{"rendered":"Transfer Aeroporti per il Lago di Garda"},"content":{"rendered":"<section class=\"l-section wpb_row height_auto width_full\"><div class=\"l-section-h i-cf\"><div class=\"g-cols vc_row via_flex valign_top type_default stacking_default\"><div class=\"vc_col-sm-12 wpb_column vc_column_container\"><div class=\"vc_column-inner\"><div class=\"wpb_wrapper\">[rev_slider_vc alias=&#8221;home&#8221;]<\/div><\/div><\/div><\/div><\/div><\/section><section class=\"l-section wpb_row hide_on_tablets hide_on_mobiles height_auto\"><div class=\"l-section-h i-cf\"><div class=\"g-cols vc_row via_flex valign_top type_default stacking_default\"><div class=\"vc_col-sm-12 wpb_column vc_column_container\"><div class=\"vc_column-inner\"><div class=\"wpb_wrapper\"><div class=\"w-separator size_medium\"><\/div><div class=\"wpb_text_column us_custom_eb849559\"><div class=\"wpb_wrapper\"><h1>Lake Garda Transfers.<br \/>\nAeroporto di Verona &#8211; Lago di Garda<br \/>\ne Bergamo, Milano, Venezia<\/h1>\n<h3>Il vostro servizio di trasferimento con autista sul Lago di Garda<\/h3>\n<\/div><\/div><div class=\"w-separator size_medium\"><\/div><div class=\"w-image us_custom_037ab766 align_center\"><a ref=\"magnificPopup\" href=\"https:\/\/lakegardatransfers.co.uk\/wp-content\/uploads\/2025\/05\/mappatransfer-2-ITA-1.png\" aria-label=\"mappatransfer-2-ITA\" class=\"w-image-h\"><img decoding=\"async\" width=\"1024\" height=\"633\" src=\"https:\/\/lakegardatransfers.co.uk\/wp-content\/uploads\/2025\/05\/mappatransfer-2-ITA-1-1024x633.png\" class=\"attachment-large size-large\" alt=\"\" loading=\"lazy\" srcset=\"https:\/\/lakegardatransfers.co.uk\/wp-content\/uploads\/2025\/05\/mappatransfer-2-ITA-1-1024x633.png 1024w, https:\/\/lakegardatransfers.co.uk\/wp-content\/uploads\/2025\/05\/mappatransfer-2-ITA-1-300x185.png 300w, https:\/\/lakegardatransfers.co.uk\/wp-content\/uploads\/2025\/05\/mappatransfer-2-ITA-1-600x371.png 600w, https:\/\/lakegardatransfers.co.uk\/wp-content\/uploads\/2025\/05\/mappatransfer-2-ITA-1-768x475.png 768w, https:\/\/lakegardatransfers.co.uk\/wp-content\/uploads\/2025\/05\/mappatransfer-2-ITA-1.png 1217w\" sizes=\"auto, (max-width: 1024px) 100vw, 1024px\" \/><\/a><\/div><\/div><\/div><\/div><\/div><\/div><\/section><section class=\"l-section wpb_row hide_on_default hide_on_laptops height_auto\"><div class=\"l-section-h i-cf\"><div class=\"g-cols vc_row via_flex valign_top type_default stacking_default\"><div class=\"vc_col-sm-12 wpb_column vc_column_container\"><div class=\"vc_column-inner\"><div class=\"wpb_wrapper\"><div class=\"w-separator size_medium\"><\/div><div class=\"wpb_text_column us_custom_eb849559\"><div class=\"wpb_wrapper\"><h1>Lake Garda Transfers.<br \/>\nAeroporto di Verona &#8211; Lago di Garda<br \/>\ne Bergamo, Milano, Venezia<\/h1>\n<\/div><\/div><div class=\"w-separator size_medium\"><\/div><div class=\"w-image us_custom_037ab766 align_center\"><a ref=\"magnificPopup\" href=\"https:\/\/lakegardatransfers.co.uk\/wp-content\/uploads\/2025\/05\/mappatransfer-2-ITA-1.png\" aria-label=\"mappatransfer-2-ITA\" class=\"w-image-h\"><img decoding=\"async\" width=\"1024\" height=\"633\" src=\"https:\/\/lakegardatransfers.co.uk\/wp-content\/uploads\/2025\/05\/mappatransfer-2-ITA-1-1024x633.png\" class=\"attachment-large size-large\" alt=\"\" loading=\"lazy\" srcset=\"https:\/\/lakegardatransfers.co.uk\/wp-content\/uploads\/2025\/05\/mappatransfer-2-ITA-1-1024x633.png 1024w, https:\/\/lakegardatransfers.co.uk\/wp-content\/uploads\/2025\/05\/mappatransfer-2-ITA-1-300x185.png 300w, https:\/\/lakegardatransfers.co.uk\/wp-content\/uploads\/2025\/05\/mappatransfer-2-ITA-1-600x371.png 600w, https:\/\/lakegardatransfers.co.uk\/wp-content\/uploads\/2025\/05\/mappatransfer-2-ITA-1-768x475.png 768w, https:\/\/lakegardatransfers.co.uk\/wp-content\/uploads\/2025\/05\/mappatransfer-2-ITA-1.png 1217w\" sizes=\"auto, (max-width: 1024px) 100vw, 1024px\" \/><\/a><\/div><\/div><\/div><\/div><\/div><\/div><\/section><section class=\"l-section wpb_row height_medium\"><div class=\"l-section-h i-cf\"><div class=\"g-cols vc_row via_flex valign_middle type_default stacking_default\"><div class=\"vc_col-sm-12 wpb_column vc_column_container\"><div class=\"vc_column-inner\"><div class=\"wpb_wrapper\"><div class=\"g-cols wpb_row via_flex valign_bottom type_default reversed\"><div class=\"vc_col-sm-6 wpb_column vc_column_container\"><div class=\"vc_column-inner\"><div class=\"wpb_wrapper\"><div class=\"w-image us_custom_57b50a51 align_center\"><div class=\"w-image-h\"><img decoding=\"async\" width=\"767\" height=\"1024\" src=\"https:\/\/lakegardatransfers.co.uk\/wp-content\/uploads\/2026\/01\/OND06393-web-767x1024.jpg\" class=\"attachment-large size-large\" alt=\"\" loading=\"lazy\" srcset=\"https:\/\/lakegardatransfers.co.uk\/wp-content\/uploads\/2026\/01\/OND06393-web-767x1024.jpg 767w, https:\/\/lakegardatransfers.co.uk\/wp-content\/uploads\/2026\/01\/OND06393-web-225x300.jpg 225w, https:\/\/lakegardatransfers.co.uk\/wp-content\/uploads\/2026\/01\/OND06393-web-600x801.jpg 600w, https:\/\/lakegardatransfers.co.uk\/wp-content\/uploads\/2026\/01\/OND06393-web-768x1025.jpg 768w, https:\/\/lakegardatransfers.co.uk\/wp-content\/uploads\/2026\/01\/OND06393-web.jpg 1439w\" sizes=\"auto, (max-width: 767px) 100vw, 767px\" \/><\/div><\/div><\/div><\/div><\/div><div class=\"vc_col-sm-6 wpb_column vc_column_container\"><div class=\"vc_column-inner\"><div class=\"wpb_wrapper\"><div class=\"wpb_text_column us_custom_432d3f53\"><div class=\"wpb_wrapper\"><p>Nato e cresciuto a Gardone Riviera, ho vissuto da sempre immerso nel mondo del turismo alberghiero e dei servizi. Professione che la mia famiglia svolge sin dagli inizi degli anni \u201950.<br \/>\nLa passione che si \u00e8 creata nel corso degli anni \u00e8 diventata la mia professione, che svolgo dal 2015, sin dal primo giorno con la stessa attenzione e curiosit\u00e0 verso le differenti esigenze degli ospiti. Mi occuper\u00f2 personalmente di ogni vostra richiesta, partendo dalla prenotazione fino ad arrivare al suo effettivo svolgimento. La mia trasparenza \u00e8 la migliore garanzia che vi potr\u00f2 fornire.<\/p>\n<p>Se desiderate un servizio unico, al posto di un anonimo servizio transfer, siete nel posto giusto.<\/p>\n<p>Vi aspetto sul Lago di Garda.<br \/>\n<strong>Giuseppe Righettini Cipani<\/strong><\/p>\n<\/div><\/div><div class=\"w-separator size_medium\"><\/div><\/div><\/div><\/div><\/div><div class=\"w-separator size_custom with_line width_default thick_1 style_solid color_border align_center\" style=\"height:10px\"><div class=\"w-separator-h\"><\/div><\/div><\/div><\/div><\/div><\/div><\/div><\/section><section class=\"l-section wpb_row height_medium\"><div class=\"l-section-h i-cf\"><div class=\"g-cols vc_row via_flex valign_top type_default stacking_default\"><div class=\"vc_col-sm-12 wpb_column vc_column_container\"><div class=\"vc_column-inner\"><div class=\"wpb_wrapper\"><div class=\"w-image us_custom_2dbf7b3f i100 align_center\"><div class=\"w-image-h\"><img decoding=\"async\" width=\"148\" height=\"96\" src=\"https:\/\/lakegardatransfers.co.uk\/wp-content\/uploads\/2019\/02\/icona-tripadvisor.svg\" class=\"attachment-full size-full\" alt=\"\" loading=\"lazy\" \/><\/div><\/div><div class=\"wpb_text_column\"><div class=\"wpb_wrapper\"><p style=\"text-align: center;\">A garanzia della qualit\u00e0 del nostro servizio, vi invitiamo a leggere le numerose recensioni sulla nostra pagina TripAdvisor.<\/p>\n<\/div><\/div><div class=\"w-separator size_small\"><\/div>[vc_raw_html]JTVCdHJ1c3RpbmRleCUyMG5vLXJlZ2lzdHJhdGlvbiUzRHRyaXBhZHZpc29yJTVE[\/vc_raw_html][vc_raw_html]JTVCdHJ1c3RpbmRleCUyMG5vLXJlZ2lzdHJhdGlvbiUzRGdvb2dsZSU1RA==[\/vc_raw_html]<\/div><\/div><\/div><\/div><\/div><\/section><section class=\"l-section wpb_row height_auto width_full\"><div class=\"l-section-h i-cf\"><div class=\"g-cols vc_row via_flex valign_top type_default stacking_default\"><div class=\"vc_col-sm-1 wpb_column vc_column_container\"><div class=\"vc_column-inner\"><div class=\"wpb_wrapper\"><\/div><\/div><\/div><div class=\"vc_col-sm-10 wpb_column vc_column_container\"><div class=\"vc_column-inner\"><div class=\"wpb_wrapper\"><div class=\"w-separator size_medium\"><\/div><div class=\"wpb_text_column us_custom_eb849559\"><div class=\"wpb_wrapper\"><h2>Vi invier\u00f2 il miglior prezzo!<\/h2>\n<\/div><\/div><div class=\"w-hwrapper us_custom_62f661de valign_top align_none\" style=\"--hwrapper-gap:1.20rem\">[vc_raw_html]JTVCY29udGFjdC1mb3JtLTclMjBpZCUzRCUyMjE0Zjk0YTAlMjIlMjB0aXRsZSUzRCUyMnJpY2hpZXN0YV9JVEElMjIlMjBodG1sX2lkJTNEJTIyY2Y3X2Zvcm0lMjIlNUQ=[\/vc_raw_html]<\/div><\/div><\/div><\/div><div class=\"vc_col-sm-1 wpb_column vc_column_container\"><div class=\"vc_column-inner\"><div class=\"wpb_wrapper\"><\/div><\/div><\/div><\/div><\/div><\/section><section class=\"l-section wpb_row height_medium\"><div class=\"l-section-h i-cf\"><div class=\"g-cols vc_row via_flex valign_top type_default stacking_default\"><div class=\"vc_col-sm-12 wpb_column vc_column_container\"><div class=\"vc_column-inner\"><div class=\"wpb_wrapper\"><div class=\"wpb_text_column us_custom_eb849559\"><div class=\"wpb_wrapper\"><h3>Dall&#8217;aeroporto di Verona al lago di Garda?<br \/>\nIl nostro servizio di trasferimento \u00e8 disponibile 24 ore al giorno.<\/h3>\n<\/div><\/div><div class=\"w-separator size_small with_line width_30 thick_3 style_solid color_primary align_center\"><div class=\"w-separator-h\"><\/div><\/div><div class=\"g-cols wpb_row via_flex valign_top type_default stacking_default\"><div class=\"vc_col-sm-2 wpb_column vc_column_container\"><div class=\"vc_column-inner\"><div class=\"wpb_wrapper\"><\/div><\/div><\/div><div class=\"vc_col-sm-8 wpb_column vc_column_container\"><div class=\"vc_column-inner\"><div class=\"wpb_wrapper\"><div class=\"wpb_text_column us_custom_432d3f53\"><div class=\"wpb_wrapper\"><p>Lake garda Transfers \u00e8 un <strong>servizio professionale<\/strong> di noleggio con conducente. Operiamo ininterrottamente dal 1974 nella nostra sede di <strong>Gardone Riviera<\/strong>. Il nostro servizio \u00e8 dedicato ai viaggiatori che per piacere o lavoro devono raggiungere il lago di Garda o qualsiasi altra destinazione dagli aeroporti o dalle stazioni ferroviarie del nord Italia.<\/p>\n<p>Garantiamo il servizio <strong>365 giorni all\u2019anno, 7 giorni su 7, in qualsiasi orario.<\/strong><\/p>\n<\/div><\/div><\/div><\/div><\/div><div class=\"vc_col-sm-2 wpb_column vc_column_container\"><div class=\"vc_column-inner\"><div class=\"wpb_wrapper\"><\/div><\/div><\/div><\/div><\/div><\/div><\/div><\/div><\/div><\/section><section class=\"l-section wpb_row height_medium\"><div class=\"l-section-h i-cf\"><div class=\"g-cols vc_row via_flex valign_middle type_default stacking_default\" style=\"--additional-gap:30px;\"><div class=\"vc_col-sm-6 wpb_column vc_column_container blocco-trasparente-2 has_bg_color\"><div class=\"vc_column-inner us_custom_1e2c6978\"><div class=\"wpb_wrapper\"><div class=\"wpb_text_column us_custom_eb849559\"><div class=\"wpb_wrapper\"><h2>MIGLIOR QUOTAZIONI PER<\/h2>\n<p><strong>Gardone Riviera:<\/strong><br \/>\nGrand Hotel Gardone, Grand Hotel Fasano, Hotel Villa del Sogno, Hotel BellaRiva, Hotel Monte Baldo, Hotel Savoy Palace, Hotel Villa Sofia, Hotel Villa Florida, Hotel Villa Capri, Hotel Bellevue, Hotel Du Lac, Maison du Relax &amp; Villa Paradiso, Villa Fiordaliso.<\/p>\n<p><strong>Sal\u00f2:<\/strong><br \/>\nHotel Bellerive, Hotel Laurin, Hotel Spiaggia D\u2019Oro, Hotel Sal\u00f2 Du Parc, Hotel Duomo.<\/p>\n<p><strong>Gargnano:<\/strong><br \/>\nLefay Resort &amp; Spa Lago di Garda, Villa Feltrinelli, Hotel Villa Giulia.<\/p>\n<p><strong>Toscolano Maderno:<\/strong><br \/>\nHotel Milano, Camping Promontorio.<\/p>\n<p><strong>CITT\u00c0:<\/strong><br \/>\nGardone Riviera, Sal\u00f2, Toscolano Maderno, Gargnano, Limone.<\/p>\n<\/div><\/div><\/div><\/div><\/div><div class=\"vc_col-sm-6 wpb_column vc_column_container\"><div class=\"vc_column-inner us_custom_f1294f1b\"><div class=\"wpb_wrapper\"><div class=\"w-image icona-cerchio align_center\"><div class=\"w-image-h\"><img decoding=\"async\" width=\"200\" height=\"200\" src=\"https:\/\/lakegardatransfers.co.uk\/wp-content\/uploads\/2016\/04\/ico-aereo-cerchio.png\" class=\"attachment-large size-large\" alt=\"\" loading=\"lazy\" srcset=\"https:\/\/lakegardatransfers.co.uk\/wp-content\/uploads\/2016\/04\/ico-aereo-cerchio.png 200w, https:\/\/lakegardatransfers.co.uk\/wp-content\/uploads\/2016\/04\/ico-aereo-cerchio-150x150.png 150w\" sizes=\"auto, (max-width: 200px) 100vw, 200px\" \/><\/div><\/div><div class=\"wpb_text_column us_custom_eb849559\"><div class=\"wpb_wrapper\"><h2>TRANSFER SUL LAGO DI GARDA<\/h2>\n<p>Servizio transfer da e per tutti gli aeroporti del Nord Italia e dalle stazioni ferroviarie.<\/p>\n<p>Verona Catullo Airport, Milano-Malpensa, Milano-Linate, Bergamo Orio Alserio, Venezia Marco Polo, Brescia-Montichiari.<br \/>\nStazioni ferroviarie di Milano Centrale, Verona Porta Nuova, Desenzano e Brescia.<\/p>\n<\/div><\/div><div class=\"w-btn-wrapper align_center\"><a class=\"w-btn us-btn-style_3 us_custom_80a192e9\" title=\"Private Tours\" href=\"https:\/\/lakegardatransfers.co.uk\/it\/transfers-servizi\/\"><span class=\"w-btn-label\">Dettagli<\/span><\/a><\/div><\/div><\/div><\/div><\/div><\/div><\/section><section class=\"l-section wpb_row height_huge with_img parallax_ver\"><div class=\"l-section-img\" role=\"img\" aria-label=\"Immagine\" data-img-width=\"1300\" data-img-height=\"800\" style=\"background-image: url(https:\/\/lakegardatransfers.co.uk\/wp-content\/uploads\/2017\/09\/6.jpg);\"><\/div><div class=\"l-section-h i-cf\"><div class=\"g-cols vc_row via_flex valign_top type_default stacking_default\"><div class=\"vc_col-sm-12 wpb_column vc_column_container\"><div class=\"vc_column-inner\"><div class=\"wpb_wrapper\"><div class=\"g-cols wpb_row blocco-parallax via_flex valign_top type_default stacking_default\"><div class=\"vc_col-sm-12 wpb_column vc_column_container\"><div class=\"vc_column-inner\"><div class=\"wpb_wrapper\"><div class=\"wpb_text_column\"><div class=\"wpb_wrapper\"><h2 style=\"text-align: center;\">TRANSFER DA 1 A 7 PERSONE<br \/>\nI NOSTRI MEZZI E SERVIZI<\/h2>\n<\/div><\/div><div class=\"w-btn-wrapper align_center\"><a class=\"w-btn us-btn-style_4 us_custom_80a192e9\" title=\"Services &amp; cars\" href=\"https:\/\/lakegardatransfers.co.uk\/it\/mezzi\/\"><span class=\"w-btn-label\">Dettaglio servizi<\/span><\/a><\/div><\/div><\/div><\/div><\/div><\/div><\/div><\/div><\/div><\/div><\/section><section class=\"l-section wpb_row us_custom_47b2e759 has_text_color height_huge with_img\"><div class=\"l-section-img\" role=\"img\" aria-label=\"Immagine\" data-img-width=\"1920\" data-img-height=\"1280\" style=\"background-image: url(https:\/\/lakegardatransfers.co.uk\/wp-content\/uploads\/2016\/04\/0.-2012-Arena-di-Verona_Foto-Ennevi_2017.jpg);\"><\/div><div class=\"l-section-h i-cf\"><div class=\"g-cols vc_row via_flex valign_middle type_default stacking_default\"><div class=\"vc_col-sm-12 wpb_column vc_column_container\"><div class=\"vc_column-inner\"><div class=\"wpb_wrapper\"><div class=\"g-cols wpb_row blocco-parallax via_flex valign_middle type_default stacking_default\"><div class=\"vc_col-sm-12 wpb_column vc_column_container\"><div class=\"vc_column-inner\"><div class=\"wpb_wrapper\"><div class=\"wpb_text_column us_custom_eb849559\"><div class=\"wpb_wrapper\"><h2>Trasferimenti privati<br \/>\nper una giornata a Verona o per la stagione lirica.<\/h2>\n<\/div><\/div><\/div><\/div><\/div><\/div><\/div><\/div><\/div><\/div><\/div><\/section><section class=\"l-section wpb_row height_medium\"><div class=\"l-section-h i-cf\"><div class=\"g-cols vc_row via_flex valign_middle type_boxes reversed stacking_default\"><div class=\"vc_col-sm-4 wpb_column vc_column_container\"><div class=\"vc_column-inner\"><div class=\"wpb_wrapper\"><div class=\"w-separator size_large\"><\/div><div class=\"wpb_text_column\"><div class=\"wpb_wrapper\"><h2>Tour Privati<\/h2>\n<\/div><\/div><div class=\"w-separator us_custom_6217dcc9 size_small with_line width_30 thick_3 style_solid color_primary align_left\"><div class=\"w-separator-h\"><\/div><\/div><div class=\"wpb_text_column us_custom_432d3f53\"><div class=\"wpb_wrapper\"><p>Dai uno sguardo ai nostri tour privati, pensati per soddisfare le esigenze e gli interessi pi\u00f9 variegati.<\/p>\n<\/div><\/div><div class=\"w-btn-wrapper align_none\"><a class=\"w-btn us-btn-style_1\" title=\"Tour privati\" href=\"https:\/\/lakegardatransfers.co.uk\/it\/tour\"><span class=\"w-btn-label\">Vai ai tour<\/span><\/a><\/div><div class=\"w-separator size_large\"><\/div><\/div><\/div><\/div><div class=\"vc_col-sm-8 wpb_column vc_column_container has_bg_color\"><div class=\"vc_column-inner us_custom_4bcc48a9\"><div class=\"wpb_wrapper\"><\/div><\/div><\/div><\/div><\/div><\/section>\n","protected":false},"excerpt":{"rendered":"[rev_slider_vc alias=\"home\"]Lake Garda Transfers. Aeroporto di Verona &#8211; Lago di Garda e Bergamo, Milano, Venezia Il vostro servizio di trasferimento con autista sul Lago di Garda Lake Garda Transfers. Aeroporto di Verona &#8211; Lago di Garda e Bergamo, Milano, Venezia Nato e cresciuto a Gardone Riviera, ho vissuto da sempre immerso nel mondo del turismo...","protected":false},"author":1,"featured_media":822,"parent":0,"menu_order":0,"comment_status":"closed","ping_status":"closed","template":"","meta":{"inline_featured_image":false,"footnotes":""},"class_list":["post-865","page","type-page","status-publish","has-post-thumbnail","hentry"],"yoast_head":"<!-- This site is optimized with the Yoast SEO plugin v26.8 - https:\/\/yoast.com\/product\/yoast-seo-wordpress\/ -->\n<title>Dall&#039;aeroporto di Verona al Lago di Garda | Lake Garda Transfer<\/title>\n<meta name=\"description\" content=\"Milano al lago di Garda, Trasferimento aeroportuale per il lago di Garda - Aeroporto di Verona al lago di Garda - Da 1 a 7 persone.\" \/>\n<meta name=\"robots\" content=\"index, follow, max-snippet:-1, max-image-preview:large, max-video-preview:-1\" \/>\n<link rel=\"canonical\" href=\"https:\/\/lakegardatransfers.co.uk\/it\/\" \/>\n<meta property=\"og:locale\" content=\"it_IT\" \/>\n<meta property=\"og:type\" content=\"article\" \/>\n<meta property=\"og:title\" content=\"Dall&#039;aeroporto di Verona al Lago di Garda | Lake Garda Transfer\" \/>\n<meta property=\"og:description\" content=\"Milano al lago di Garda, Trasferimento aeroportuale per il lago di Garda - Aeroporto di Verona al lago di Garda - Da 1 a 7 persone.\" \/>\n<meta property=\"og:url\" content=\"https:\/\/lakegardatransfers.co.uk\/it\/\" \/>\n<meta property=\"og:site_name\" content=\"Lake Garda Transfers\" \/>\n<meta property=\"article:modified_time\" content=\"2026-01-26T15:45:30+00:00\" \/>\n<meta property=\"og:image\" content=\"https:\/\/lakegardatransfers.co.uk\/wp-content\/uploads\/2017\/09\/4.jpg\" \/>\n\t<meta property=\"og:image:width\" content=\"1300\" \/>\n\t<meta property=\"og:image:height\" content=\"800\" \/>\n\t<meta property=\"og:image:type\" content=\"image\/jpeg\" \/>\n<meta name=\"twitter:card\" content=\"summary_large_image\" \/>\n<meta name=\"twitter:label1\" content=\"Tempo di lettura stimato\" \/>\n\t<meta name=\"twitter:data1\" content=\"4 minuti\" \/>\n<script type=\"application\/ld+json\" class=\"yoast-schema-graph\">{\"@context\":\"https:\/\/schema.org\",\"@graph\":[{\"@type\":\"WebPage\",\"@id\":\"https:\/\/lakegardatransfers.co.uk\/it\/\",\"url\":\"https:\/\/lakegardatransfers.co.uk\/it\/\",\"name\":\"Dall'aeroporto di Verona al Lago di Garda | Lake Garda Transfer\",\"isPartOf\":{\"@id\":\"https:\/\/lakegardatransfers.co.uk\/#website\"},\"primaryImageOfPage\":{\"@id\":\"https:\/\/lakegardatransfers.co.uk\/it\/#primaryimage\"},\"image\":{\"@id\":\"https:\/\/lakegardatransfers.co.uk\/it\/#primaryimage\"},\"thumbnailUrl\":\"https:\/\/lakegardatransfers.co.uk\/wp-content\/uploads\/2017\/09\/4.jpg\",\"datePublished\":\"2016-04-18T08:23:37+00:00\",\"dateModified\":\"2026-01-26T15:45:30+00:00\",\"description\":\"Milano al lago di Garda, Trasferimento aeroportuale per il lago di Garda - Aeroporto di Verona al lago di Garda - Da 1 a 7 persone.\",\"breadcrumb\":{\"@id\":\"https:\/\/lakegardatransfers.co.uk\/it\/#breadcrumb\"},\"inLanguage\":\"it-IT\",\"potentialAction\":[{\"@type\":\"ReadAction\",\"target\":[\"https:\/\/lakegardatransfers.co.uk\/it\/\"]}]},{\"@type\":\"ImageObject\",\"inLanguage\":\"it-IT\",\"@id\":\"https:\/\/lakegardatransfers.co.uk\/it\/#primaryimage\",\"url\":\"https:\/\/lakegardatransfers.co.uk\/wp-content\/uploads\/2017\/09\/4.jpg\",\"contentUrl\":\"https:\/\/lakegardatransfers.co.uk\/wp-content\/uploads\/2017\/09\/4.jpg\",\"width\":1300,\"height\":800},{\"@type\":\"BreadcrumbList\",\"@id\":\"https:\/\/lakegardatransfers.co.uk\/it\/#breadcrumb\",\"itemListElement\":[{\"@type\":\"ListItem\",\"position\":1,\"name\":\"Home\",\"item\":\"https:\/\/lakegardatransfers.co.uk\/it\/\"},{\"@type\":\"ListItem\",\"position\":2,\"name\":\"Transfer Aeroporti per il Lago di Garda\"}]},{\"@type\":\"WebSite\",\"@id\":\"https:\/\/lakegardatransfers.co.uk\/#website\",\"url\":\"https:\/\/lakegardatransfers.co.uk\/\",\"name\":\"Lake Garda Transfers\",\"description\":\"Lake Garda Transfers\",\"potentialAction\":[{\"@type\":\"SearchAction\",\"target\":{\"@type\":\"EntryPoint\",\"urlTemplate\":\"https:\/\/lakegardatransfers.co.uk\/?s={search_term_string}\"},\"query-input\":{\"@type\":\"PropertyValueSpecification\",\"valueRequired\":true,\"valueName\":\"search_term_string\"}}],\"inLanguage\":\"it-IT\"}]}<\/script>\n<!-- \/ Yoast SEO plugin. -->","yoast_head_json":{"title":"Dall'aeroporto di Verona al Lago di Garda | Lake Garda Transfer","description":"Milano al lago di Garda, Trasferimento aeroportuale per il lago di Garda - Aeroporto di Verona al lago di Garda - Da 1 a 7 persone.","robots":{"index":"index","follow":"follow","max-snippet":"max-snippet:-1","max-image-preview":"max-image-preview:large","max-video-preview":"max-video-preview:-1"},"canonical":"https:\/\/lakegardatransfers.co.uk\/it\/","og_locale":"it_IT","og_type":"article","og_title":"Dall'aeroporto di Verona al Lago di Garda | Lake Garda Transfer","og_description":"Milano al lago di Garda, Trasferimento aeroportuale per il lago di Garda - Aeroporto di Verona al lago di Garda - Da 1 a 7 persone.","og_url":"https:\/\/lakegardatransfers.co.uk\/it\/","og_site_name":"Lake Garda Transfers","article_modified_time":"2026-01-26T15:45:30+00:00","og_image":[{"width":1300,"height":800,"url":"https:\/\/lakegardatransfers.co.uk\/wp-content\/uploads\/2017\/09\/4.jpg","type":"image\/jpeg"}],"twitter_card":"summary_large_image","twitter_misc":{"Tempo di lettura stimato":"4 minuti"},"schema":{"@context":"https:\/\/schema.org","@graph":[{"@type":"WebPage","@id":"https:\/\/lakegardatransfers.co.uk\/it\/","url":"https:\/\/lakegardatransfers.co.uk\/it\/","name":"Dall'aeroporto di Verona al Lago di Garda | Lake Garda Transfer","isPartOf":{"@id":"https:\/\/lakegardatransfers.co.uk\/#website"},"primaryImageOfPage":{"@id":"https:\/\/lakegardatransfers.co.uk\/it\/#primaryimage"},"image":{"@id":"https:\/\/lakegardatransfers.co.uk\/it\/#primaryimage"},"thumbnailUrl":"https:\/\/lakegardatransfers.co.uk\/wp-content\/uploads\/2017\/09\/4.jpg","datePublished":"2016-04-18T08:23:37+00:00","dateModified":"2026-01-26T15:45:30+00:00","description":"Milano al lago di Garda, Trasferimento aeroportuale per il lago di Garda - Aeroporto di Verona al lago di Garda - Da 1 a 7 persone.","breadcrumb":{"@id":"https:\/\/lakegardatransfers.co.uk\/it\/#breadcrumb"},"inLanguage":"it-IT","potentialAction":[{"@type":"ReadAction","target":["https:\/\/lakegardatransfers.co.uk\/it\/"]}]},{"@type":"ImageObject","inLanguage":"it-IT","@id":"https:\/\/lakegardatransfers.co.uk\/it\/#primaryimage","url":"https:\/\/lakegardatransfers.co.uk\/wp-content\/uploads\/2017\/09\/4.jpg","contentUrl":"https:\/\/lakegardatransfers.co.uk\/wp-content\/uploads\/2017\/09\/4.jpg","width":1300,"height":800},{"@type":"BreadcrumbList","@id":"https:\/\/lakegardatransfers.co.uk\/it\/#breadcrumb","itemListElement":[{"@type":"ListItem","position":1,"name":"Home","item":"https:\/\/lakegardatransfers.co.uk\/it\/"},{"@type":"ListItem","position":2,"name":"Transfer Aeroporti per il Lago di Garda"}]},{"@type":"WebSite","@id":"https:\/\/lakegardatransfers.co.uk\/#website","url":"https:\/\/lakegardatransfers.co.uk\/","name":"Lake Garda Transfers","description":"Lake Garda Transfers","potentialAction":[{"@type":"SearchAction","target":{"@type":"EntryPoint","urlTemplate":"https:\/\/lakegardatransfers.co.uk\/?s={search_term_string}"},"query-input":{"@type":"PropertyValueSpecification","valueRequired":true,"valueName":"search_term_string"}}],"inLanguage":"it-IT"}]}},"_links":{"self":[{"href":"https:\/\/lakegardatransfers.co.uk\/it\/wp-json\/wp\/v2\/pages\/865","targetHints":{"allow":["GET"]}}],"collection":[{"href":"https:\/\/lakegardatransfers.co.uk\/it\/wp-json\/wp\/v2\/pages"}],"about":[{"href":"https:\/\/lakegardatransfers.co.uk\/it\/wp-json\/wp\/v2\/types\/page"}],"author":[{"embeddable":true,"href":"https:\/\/lakegardatransfers.co.uk\/it\/wp-json\/wp\/v2\/users\/1"}],"replies":[{"embeddable":true,"href":"https:\/\/lakegardatransfers.co.uk\/it\/wp-json\/wp\/v2\/comments?post=865"}],"version-history":[{"count":18,"href":"https:\/\/lakegardatransfers.co.uk\/it\/wp-json\/wp\/v2\/pages\/865\/revisions"}],"predecessor-version":[{"id":1043,"href":"https:\/\/lakegardatransfers.co.uk\/it\/wp-json\/wp\/v2\/pages\/865\/revisions\/1043"}],"wp:featuredmedia":[{"embeddable":true,"href":"https:\/\/lakegardatransfers.co.uk\/it\/wp-json\/wp\/v2\/media\/822"}],"wp:attachment":[{"href":"https:\/\/lakegardatransfers.co.uk\/it\/wp-json\/wp\/v2\/media?parent=865"}],"curies":[{"name":"wp","href":"https:\/\/api.w.org\/{rel}","templated":true}]}}